{"id":1149,"date":"2019-03-22T09:56:14","date_gmt":"2019-03-22T09:56:14","guid":{"rendered":"https:\/\/finde.hu\/?page_id=1149"},"modified":"2022-03-18T14:15:49","modified_gmt":"2022-03-18T14:15:49","slug":"jelenkezesi-lap","status":"publish","type":"page","link":"https:\/\/finde.hu\/?page_id=1149","title":{"rendered":"Jelenkez\u00e9s regisztr\u00e1ci\u00f3"},"content":{"rendered":"<h2>Regisztr\u00e1ci\u00f3 menete.<br>\n<\/h2>\n\n\n<h2 class=\"wp-block-heading\"><\/h2>\n\n\n<h2 style=\"text-align: center;\"><strong><img fetchpriority=\"high\" decoding=\"async\" src=\"https:\/\/finde.hu\/wp-content\/uploads\/2019\/03\/findelogo6-300x235.jpg\" alt=\"\" width=\"300\" height=\"235\" \/>\u00a0 \u00a0\u00a0<\/strong><\/h2>\n<h1 style=\"text-align: center;\"><strong>K\u00f6sz\u00f6nj\u00fck, hogy regisztr\u00e1l a rendszer\u00fcnkbe. Az oldal r\u00e9szletes\u00a0<\/strong><a href=\"https:\/\/finde.hu\/wp-content\/uploads\/2019\/05\/finde.hu-promo-2019-05-15.pdf\" target=\"_blank\" rel=\"noopener noreferrer\">le\u00edr\u00e1s\u00e1t ezen a linkenl<\/a><strong style=\"color: inherit; font-size: inherit;\">\u00a0tal\u00e1lja\u00a0<\/strong><\/h1>\n<p><\/p>\n<ul>\n<li>T\u00f6ltse le a<a href=\"https:\/\/finde.hu\/?attachment_id=1372\" style=\"background-color: #ffffff; transition-property: all; outline: 0px; opacity: 0.75;\">\u00a0jelentkez\u00e9si lapot<\/a>.<\/li>\n<li>K\u00e9rj\u00fck olvassa el a\u00a0\u00a0<a href=\"https:\/\/finde.hu\/wp-content\/uploads\/2019\/05\/Aszf-finde-2019-05-15.pdf\" target=\"_blank\" rel=\"noopener noreferrer\">\u00e1ltal\u00e1nos\u00a0szerz\u0151d\u00e9si felt\u00e9teleket<\/a>, az\u00a0<a href=\"https:\/\/finde.hu\/wp-content\/uploads\/2019\/05\/finde.hu-promo-\u00e1rlista-2019-04-22-12-m\u00e9ret-n\u00e9lk\u00fcl-matrica-nyomtat\u00e1s.pdf\" target=\"_blank\" rel=\"noopener noreferrer\">\u00e1rlist\u00e1t<\/a>\u00a0\u00e9s a\u00a0<a href=\"https:\/\/finde.hu\/wp-content\/uploads\/2019\/05\/gdpr-v1.0.pdf\" target=\"_blank\" rel=\"noopener noreferrer\">adatkezel\u00e9si t\u00e1j\u00e9koztat\u00f3t\u00a0<\/a>, majd ha mindenben egyet\u00e9rt k\u00e9rj\u00fck kattintson az elfogadom a szerz\u0151d\u00e9si felt\u00e9teleket jel\u00f6l\u0151 n\u00e9gyzetbe a\u00a0<a href=\"https:\/\/finde.hu\/wp-content\/uploads\/2019\/04\/Jelentkez\u00e9si-\u0171rlapJT1-14.docx\" target=\"_blank\" rel=\"noopener noreferrer\">jelentkez\u00e9si lapon<\/a>.<\/li>\n<li>T\u00f6ltse ki a<a href=\"https:\/\/finde.hu\/?attachment_id=1372\">\u00a0jelentkez\u00e9si lapot,<\/a>\u00a0k\u00e9rj\u00fck \u00fcgyeljen az adatok pontos megad\u00e1s\u00e1ra. A le\u00edr\u00e1s men\u00fcben adja meg a tev\u00e9kenys\u00e9g pontos, t\u00f6m\u00f6r le\u00edr\u00e1s\u00e1t, hiszen j\u00f3r\u00e9szt ezen le\u00edr\u00e1s \u00e1ltal fogj\u00e1k a l\u00e1togat\u00f3k eld\u00f6nteni, hogy \u00e9rdemes-e felkeresni az \u00f6n\u00f6k \u00fczlet\u00e9t, vagy ig\u00e9nybe venni az \u00f6n\u00f6k szolg\u00e1ltat\u00e1s\u00e1t, \u00edgy \u00e9rdemes r\u00e9szletesen felsorolni a tev\u00e9kenys\u00e9geket, de esetleg megeml\u00edteni azt is amivel ne keress\u00e9k \u00f6n\u00f6ket pl.: \u00fcgyv\u00e9dek : \u201ekiz\u00e1r\u00f3lag polg\u00e1ri peres \u00fcgyek, b\u00fcntet\u0151 \u00fcgyeket nem v\u00e1llalok \u201e\u00edgy mind az \u00e9rdekl\u0151d\u0151knek, mind \u00f6n\u00f6knek is id\u0151t sp\u00f3rolhat, feleslegesen nem keresik, \u00e9s az \u00e9rdekl\u0151d\u0151knek is egy\u00e9rtelm\u0171, hogy a keresett term\u00e9k, vagy szolg\u00e1ltat\u00e1s megtal\u00e1lhat\u00f3-e \u00f6n\u00f6kn\u00e9l.<\/li>\n<li>Ha mindennel elk\u00e9sz\u00fclt k\u00e9rj\u00fck ellen\u0151rizze az adatok helyess\u00e9g\u00e9t, ne feledje minimum 1 maximum 3 db fot\u00f3t az \u0171rlap mell\u00e9 csatoni, ha mindent rendben tal\u00e1lt k\u00fcldje el az info@finde.hu c\u00edmre.<\/li>\n<li>Be\u00e9rkez\u00e9s ut\u00e1n munkat\u00e1rsunk ellen\u0151rzi a be\u00e9rkezett \u0171rlapot, ha mindent rendben tal\u00e1lt elk\u00fcld \u00f6nnek egy d\u00edjbek\u00e9r\u0151t, az \u00f6sszeg be\u00e9rkez\u00e9se ut\u00e1n akt\u00edv\u00e1juk az \u00f6n oldal\u00e1t, \u00e9s elk\u00fcldj\u00fck a v\u00e9gsz\u00e1ml\u00e1t az \u00f6n\u00f6k e-mail c\u00edm\u00e9re.<\/li>\n<\/ul>\n<h2>V\u00e1ltoz\u00e1sok bejelent\u00e9se<\/h2>\n<h1>\u00a0 \u00a0 \u00a0 Ez a funkci\u00f3 2022.09.15-a\u00a0 ut\u00e1n lesz el\u00e9rhet\u0151.<\/h1>\n<ul>\n<li>Ha az adatiban v\u00e1ltoz\u00e1s t\u00f6rt\u00e9nt k\u00e9rj\u00fck jelezze fel\u00e9nk, hogy a felhaszn\u00e1l\u00f3knak ne okozzunk csal\u00f3d\u00e1st pl.: v\u00e1ltozott a nyitva tart\u00e1s stb.<\/li>\n<li>A v\u00e1ltoz\u00e1sokat az al\u00e1bbi linken k\u00e9rhet. V\u00e1ltoz\u00e1sok bejelent\u00e9s\u00e9n\u00e9l csak a regisztr\u00e1ci\u00f3 sor\u00e1n megadott e-mail c\u00edmr\u0151l, \u00e9s a regisztr\u00e1ci\u00f3 sor\u00e1n kapott k\u00f3d megad\u00e1s\u00e1val tudjuk elfogadni a k\u00e9relm\u00e9t, megakad\u00e1lyozva, hogy m\u00e1s az \u00f6n nev\u00e9ben m\u00e1s m\u00f3dos\u00edt\u00e1st k\u00e9rhessen.\u00a0 \u00a0A v\u00e1ltoz\u00e1s k\u00e9r\u00e9s eset\u00e9n k\u00fcld\u00fcnk egy meger\u0151s\u00edt\u0151 e-mailt a regisztr\u00e1lt e-mail c\u00edmre, egy linkkel amire kattintva v\u00e9gleges\u00edtheti a k\u00e9r\u00e9st. A be\u00e9rkez\u00e9s ut\u00e1n 72 \u00f3r\u00e1n bel\u00fcl elv\u00e9gezz\u00fck a k\u00edv\u00e1nt m\u00f3dos\u00edt\u00e1sokat.<\/li>\n<\/ul>","protected":false},"excerpt":{"rendered":"<p>Regisztr\u00e1ci\u00f3 menete. \u00a0 \u00a0\u00a0 K\u00f6sz\u00f6nj\u00fck, hogy regisztr\u00e1l a rendszer\u00fcnkbe. Az oldal r\u00e9szletes\u00a0le\u00edr\u00e1s\u00e1t ezen a linkenl\u00a0tal\u00e1lja\u00a0 T\u00f6ltse le a\u00a0jelentkez\u00e9si lapot. K\u00e9rj\u00fck olvassa el a\u00a0\u00a0\u00e1ltal\u00e1nos\u00a0szerz\u0151d\u00e9si felt\u00e9teleket, az\u00a0\u00e1rlist\u00e1t\u00a0\u00e9s a\u00a0adatkezel\u00e9si t\u00e1j\u00e9koztat\u00f3t\u00a0, majd ha mindenben egyet\u00e9rt k\u00e9rj\u00fck kattintson az elfogadom a szerz\u0151d\u00e9si felt\u00e9teleket jel\u00f6l\u0151 n\u00e9gyzetbe a\u00a0jelentkez\u00e9si lapon. T\u00f6ltse ki a\u00a0jelentkez\u00e9si lapot,\u00a0k\u00e9rj\u00fck \u00fcgyeljen az adatok pontos [&hellip;]<\/p>\n","protected":false},"author":1,"featured_media":0,"parent":0,"menu_order":0,"comment_status":"closed","ping_status":"closed","template":"","meta":{"footnotes":""},"class_list":["post-1149","page","type-page","status-publish","hentry"],"_links":{"self":[{"href":"https:\/\/finde.hu\/index.php?rest_route=\/wp\/v2\/pages\/1149","targetHints":{"allow":["GET"]}}],"collection":[{"href":"https:\/\/finde.hu\/index.php?rest_route=\/wp\/v2\/pages"}],"about":[{"href":"https:\/\/finde.hu\/index.php?rest_route=\/wp\/v2\/types\/page"}],"author":[{"embeddable":true,"href":"https:\/\/finde.hu\/index.php?rest_route=\/wp\/v2\/users\/1"}],"replies":[{"embeddable":true,"href":"https:\/\/finde.hu\/index.php?rest_route=%2Fwp%2Fv2%2Fcomments&post=1149"}],"version-history":[{"count":73,"href":"https:\/\/finde.hu\/index.php?rest_route=\/wp\/v2\/pages\/1149\/revisions"}],"predecessor-version":[{"id":1499,"href":"https:\/\/finde.hu\/index.php?rest_route=\/wp\/v2\/pages\/1149\/revisions\/1499"}],"wp:attachment":[{"href":"https:\/\/finde.hu\/index.php?rest_route=%2Fwp%2Fv2%2Fmedia&parent=1149"}],"curies":[{"name":"wp","href":"https:\/\/api.w.org\/{rel}","templated":true}]}}