{"id":1168,"date":"2019-03-26T11:39:51","date_gmt":"2019-03-26T11:39:51","guid":{"rendered":"https:\/\/finde.hu\/?page_id=1168"},"modified":"2019-04-13T10:28:59","modified_gmt":"2019-04-13T10:28:59","slug":"tajekoztato","status":"publish","type":"page","link":"https:\/\/finde.hu\/?page_id=1168","title":{"rendered":"Cookie t\u00e1j\u00e9koztat\u00f3"},"content":{"rendered":"\t\t<div data-elementor-type=\"wp-post\" data-elementor-id=\"1168\" class=\"elementor elementor-1168\">\n\t\t\t\t\t\t<section class=\"elementor-section elementor-top-section elementor-element elementor-element-d5afb72 elementor-section-boxed elementor-section-height-default elementor-section-height-default\" data-id=\"d5afb72\" data-element_type=\"section\" data-e-type=\"section\">\n\t\t\t\t\t\t<div class=\"elementor-container elementor-column-gap-default\">\n\t\t\t\t\t<div class=\"elementor-column elementor-col-100 elementor-top-column elementor-element elementor-element-93a1c7a\" data-id=\"93a1c7a\" data-element_type=\"column\" data-e-type=\"column\">\n\t\t\t<div class=\"elementor-widget-wrap elementor-element-populated\">\n\t\t\t\t\t\t<div class=\"elementor-element elementor-element-82a46f8 elementor-widget elementor-widget-heading\" data-id=\"82a46f8\" data-element_type=\"widget\" data-e-type=\"widget\" data-widget_type=\"heading.default\">\n\t\t\t\t<div class=\"elementor-widget-container\">\n\t\t\t\t\t<h2 class=\"elementor-heading-title elementor-size-default\"><span style=\"font-size: inherit;white-space: normal\">A s\u00fctikr\u0151l b\u0151vebben:<\/span><\/h2>\t\t\t\t<\/div>\n\t\t\t\t<\/div>\n\t\t\t\t\t<\/div>\n\t\t<\/div>\n\t\t\t\t\t<\/div>\n\t\t<\/section>\n\t\t\t\t<section class=\"elementor-section elementor-top-section elementor-element elementor-element-cb53899 elementor-section-boxed elementor-section-height-default elementor-section-height-default\" data-id=\"cb53899\" data-element_type=\"section\" data-e-type=\"section\">\n\t\t\t\t\t\t<div class=\"elementor-container elementor-column-gap-default\">\n\t\t\t\t\t<div class=\"elementor-column elementor-col-100 elementor-top-column elementor-element elementor-element-d9f8f52\" data-id=\"d9f8f52\" data-element_type=\"column\" data-e-type=\"column\">\n\t\t\t<div class=\"elementor-widget-wrap elementor-element-populated\">\n\t\t\t\t\t\t<div class=\"elementor-element elementor-element-f0b6722 elementor-widget elementor-widget-text-editor\" data-id=\"f0b6722\" data-element_type=\"widget\" data-e-type=\"widget\" data-widget_type=\"text-editor.default\">\n\t\t\t\t<div class=\"elementor-widget-container\">\n\t\t\t\t\t\t\t\t\t<p><span style=\"color: #777777; font-family: Arial, Helvetica, sans-serif; font-size: 15px;\">A cookie (s\u00fcti) egy kism\u00e9ret\u0171, sz\u00f6veges f\u00e1jl, amit a b\u00f6ng\u00e9sz\u0151 program egy-egy honlap k\u00e9r\u00e9s\u00e9re a felhaszn\u00e1l\u00f3 sz\u00e1m\u00edt\u00f3g\u00e9p\u00e9n elt\u00e1rol. A honlapok ezekben a s\u00fctiknek nevezett f\u00e1jlokban t\u00e1rolj\u00e1k az ideiglenes, de sz\u00e1mukra fontos inform\u00e1ci\u00f3kat, p\u00e9ld\u00e1ul: a l\u00e1togat\u00f3 be\u00e1ll\u00edt\u00e1sait, ugyan is ezek seg\u00edts\u00e9g\u00e9vel azonos\u00edtj\u00e1k \u0151ket, figyelik meg b\u00f6ng\u00e9sz\u00e9si szok\u00e1saikat, \u00e9s nyomon k\u00f6vetik azt is, ha egy adott honlapot kor\u00e1bban megl\u00e1togatott m\u00e1r a felhaszn\u00e1l\u00f3.<\/span><br style=\"color: #777777; font-family: Arial, Helvetica, sans-serif; font-size: 15px; outline: none !important;\" \/><span style=\"color: #777777; font-family: Arial, Helvetica, sans-serif; font-size: 15px;\">A s\u00fctiknek k\u00f6sz\u00f6nhetj\u00fck azt, ha a b\u00f6ng\u00e9sz\u0151nkben a kezd\u0151oldalak mindig a megszokott m\u00f3don jelennek meg; \u00e9s azt is, hogy nem kell \u00fajra \u00e9s \u00fajra bel\u00e9pn\u00fcnk a Facebook-ra, vagy a Gmail-be (mert a honlap a s\u00fcti \u00e1ltal megjegyzi, hogy kor\u00e1bban m\u00e1r bejelentkezt\u00fcnk); de azt is, ha egy Web\u00e1ruh\u00e1zban a term\u00e9keket a kos\u00e1rba tett\u00fck, mivel az akkor is ott marad, ha v\u00e1s\u00e1rl\u00e1s k\u00f6zben elnavig\u00e1lunk a honlapr\u00f3l \u00e9s csak k\u00e9s\u0151bb l\u00e1togatunk \u00fajra vissza.<\/span><\/p>\t\t\t\t\t\t\t\t<\/div>\n\t\t\t\t<\/div>\n\t\t\t\t\t<\/div>\n\t\t<\/div>\n\t\t\t\t\t<\/div>\n\t\t<\/section>\n\t\t\t\t<section class=\"elementor-section elementor-top-section elementor-element elementor-element-a5049b9 elementor-section-boxed elementor-section-height-default elementor-section-height-default\" data-id=\"a5049b9\" data-element_type=\"section\" data-e-type=\"section\">\n\t\t\t\t\t\t<div class=\"elementor-container elementor-column-gap-default\">\n\t\t\t\t\t<div class=\"elementor-column elementor-col-100 elementor-top-column elementor-element elementor-element-36222a6\" data-id=\"36222a6\" data-element_type=\"column\" data-e-type=\"column\">\n\t\t\t<div class=\"elementor-widget-wrap elementor-element-populated\">\n\t\t\t\t\t\t<div class=\"elementor-element elementor-element-f0fa3ec elementor-widget elementor-widget-heading\" data-id=\"f0fa3ec\" data-element_type=\"widget\" data-e-type=\"widget\" data-widget_type=\"heading.default\">\n\t\t\t\t<div class=\"elementor-widget-container\">\n\t\t\t\t\t<h2 class=\"elementor-heading-title elementor-size-default\"><span style=\"font-family: Oswald;font-size: 40px;text-align: center;white-space: normal\">Harmadik f\u00e9lt\u0151l sz\u00e1rmaz\u00f3 cookie:<\/span><\/h2>\t\t\t\t<\/div>\n\t\t\t\t<\/div>\n\t\t\t\t\t<\/div>\n\t\t<\/div>\n\t\t\t\t\t<\/div>\n\t\t<\/section>\n\t\t\t\t<section class=\"elementor-section elementor-top-section elementor-element elementor-element-7d38be1 elementor-section-boxed elementor-section-height-default elementor-section-height-default\" data-id=\"7d38be1\" data-element_type=\"section\" data-e-type=\"section\">\n\t\t\t\t\t\t<div class=\"elementor-container elementor-column-gap-default\">\n\t\t\t\t\t<div class=\"elementor-column elementor-col-100 elementor-top-column elementor-element elementor-element-f66e0a3\" data-id=\"f66e0a3\" data-element_type=\"column\" data-e-type=\"column\">\n\t\t\t<div class=\"elementor-widget-wrap elementor-element-populated\">\n\t\t\t\t\t\t<div class=\"elementor-element elementor-element-ce43768 elementor-widget elementor-widget-text-editor\" data-id=\"ce43768\" data-element_type=\"widget\" data-e-type=\"widget\" data-widget_type=\"text-editor.default\">\n\t\t\t\t<div class=\"elementor-widget-container\">\n\t\t\t\t\t\t\t\t\t<p><span style=\"color: #777777; font-family: Arial, Helvetica, sans-serif; font-size: 15px;\">A honlapon megjelen\u0151 hirdet\u00e9sek \u00e9s statisztik\u00e1k kedv\u00e9\u00e9rt a honlapunk b\u00f6ng\u00e9sz\u00e9se sor\u00e1n harmadik f\u00e9l (pl. a Google) is elhelyezhet cookie-t az \u00d6n sz\u00e1m\u00edt\u00f3g\u00e9p\u00e9n. Ennek c\u00e9lja lehet, hogy az \u00d6nt \u00e9rdekl\u0151 hirdet\u00e9sek jelenhessenek meg az \u00d6n sz\u00e1m\u00e1ra, vagy hogy statisztik\u00e1t k\u00e9sz\u00edthess\u00fcnk a honlapunk l\u00e1togat\u00f3ir\u00f3l \u00e9s azok b\u00f6ng\u00e9sz\u00e9si szok\u00e1sair\u00f3l.<\/span><\/p>\n<p style=\"color: #777777; font-family: Arial, Helvetica, sans-serif; font-size: 15px; outline: none !important;\"><strong style=\"outline: none !important;\">Honlapunk \u00e1ltal haszn\u00e1lt harmadik f\u00e9l \u00e1ltali s\u00fctik, illetve m\u00e1s hasonl\u00f3 programok:<\/strong><\/p>\n<ul style=\"margin-bottom: 10px; padding-left: 30px; color: #777777; font-family: Arial, Helvetica, sans-serif; font-size: 15px; outline: none !important;\">\n<li style=\"outline: none !important;\">a Google AdWords remarketing szolg\u00e1ltat\u00e1sa,<\/li>\n<li style=\"outline: none !important;\">a Google Analytics szolg\u00e1ltat\u00e1sa.<\/li>\n<\/ul>\n<p style=\"color: #777777; font-family: Arial, Helvetica, sans-serif; font-size: 15px; outline: none !important;\"><strong style=\"outline: none !important;\">Amennyiben t\u00f6bbet szeretne tudni arr\u00f3l, hogyan haszn\u00e1lja a Google a cookie-kat a partner honlapokon, itt olvashatja el:<\/strong><\/p>\n<p style=\"color: #777777; font-family: Arial, Helvetica, sans-serif; font-size: 15px; outline: none !important;\"><a href=\"https:\/\/policies.google.com\/technologies\/cookies?hl=hu\" style=\"background-color: #ffffff; transition-property: all; font-family: Roboto, Helvetica, Arial, sans-serif; font-size: 14px;\">B\u0151veben<\/a><\/p>\n<p style=\"color: #777777; font-family: Arial, Helvetica, sans-serif; font-size: 15px; outline: none !important;\"><strong style=\"outline: none !important;\">\u00a0<\/strong><\/p>\t\t\t\t\t\t\t\t<\/div>\n\t\t\t\t<\/div>\n\t\t\t\t\t<\/div>\n\t\t<\/div>\n\t\t\t\t\t<\/div>\n\t\t<\/section>\n\t\t\t\t<section class=\"elementor-section elementor-top-section elementor-element elementor-element-7c78ef9 elementor-section-boxed elementor-section-height-default elementor-section-height-default\" data-id=\"7c78ef9\" data-element_type=\"section\" data-e-type=\"section\">\n\t\t\t\t\t\t<div class=\"elementor-container elementor-column-gap-default\">\n\t\t\t\t\t<div class=\"elementor-column elementor-col-100 elementor-top-column elementor-element elementor-element-10b849e\" data-id=\"10b849e\" data-element_type=\"column\" data-e-type=\"column\">\n\t\t\t<div class=\"elementor-widget-wrap elementor-element-populated\">\n\t\t\t\t\t\t<div class=\"elementor-element elementor-element-4aea804 elementor-widget elementor-widget-heading\" data-id=\"4aea804\" data-element_type=\"widget\" data-e-type=\"widget\" data-widget_type=\"heading.default\">\n\t\t\t\t<div class=\"elementor-widget-container\">\n\t\t\t\t\t<h2 class=\"elementor-heading-title elementor-size-default\">Technikai cookie haszn\u00e1lata<\/h2>\t\t\t\t<\/div>\n\t\t\t\t<\/div>\n\t\t\t\t\t<\/div>\n\t\t<\/div>\n\t\t\t\t\t<\/div>\n\t\t<\/section>\n\t\t\t\t<section class=\"elementor-section elementor-top-section elementor-element elementor-element-86a7648 elementor-section-boxed elementor-section-height-default elementor-section-height-default\" data-id=\"86a7648\" data-element_type=\"section\" data-e-type=\"section\">\n\t\t\t\t\t\t<div class=\"elementor-container elementor-column-gap-default\">\n\t\t\t\t\t<div class=\"elementor-column elementor-col-100 elementor-top-column elementor-element elementor-element-cf0fd0a\" data-id=\"cf0fd0a\" data-element_type=\"column\" data-e-type=\"column\">\n\t\t\t<div class=\"elementor-widget-wrap elementor-element-populated\">\n\t\t\t\t\t\t<div class=\"elementor-element elementor-element-37c634f elementor-widget elementor-widget-text-editor\" data-id=\"37c634f\" data-element_type=\"widget\" data-e-type=\"widget\" data-widget_type=\"text-editor.default\">\n\t\t\t\t<div class=\"elementor-widget-container\">\n\t\t\t\t\t\t\t\t\t<p style=\"color: #777777; font-family: Arial, Helvetica, sans-serif; font-size: 15px; outline: none !important;\">Bizonyos cookie-k haszn\u00e1lat\u00e1ra a mi honlapunknak is sz\u00fcks\u00e9ge van, legf\u0151k\u00e9pp akkor, amikor \u00d6n bejelentkezik a honlapunkra. A cookie-k haszn\u00e1lat\u00e1nak tilt\u00e1sa eset\u00e9n ez \u00e9s hasonl\u00f3, cookie kezel\u00e9s\u00e9re \u00e9p\u00fcl\u0151 funkci\u00f3k nem fognak m\u0171k\u00f6dni.<\/p>\n<p style=\"color: #777777; font-family: Arial, Helvetica, sans-serif; font-size: 15px; outline: none !important;\">Amennyiben \u00d6n a b\u00f6ng\u00e9sz\u0151j\u00e9ben a cookie-k fogad\u00e1s\u00e1t enged\u00e9lyezte, ezt az \u00e1ltalunk k\u00fcld\u00f6tt cookie-k haszn\u00e1lat\u00e1ra vonatkoz\u00f3 hozz\u00e1j\u00e1rul\u00e1snak is tekintj\u00fck. Amennyiben \u00d6n nem szeretne ehhez hozz\u00e1j\u00e1rulni, tiltsa le a cookie-k haszn\u00e1lat\u00e1t a b\u00f6ng\u00e9sz\u0151j\u00e9ben.<\/p>\n<p style=\"color: #777777; font-family: Arial, Helvetica, sans-serif; font-size: 15px; outline: none !important;\">Felh\u00edvjuk a figyelm\u00e9t arra, hogy mivel a s\u00fctik c\u00e9lja honlapunk haszn\u00e1lhat\u00f3s\u00e1g\u00e1nak \u00e9s folyamatainak megk\u00f6nny\u00edt\u00e9se vagy lehet\u0151v\u00e9 t\u00e9tele, a cookie-k alkalmaz\u00e1s\u00e1nak megakad\u00e1lyoz\u00e1sa vagy t\u00f6rl\u00e9se \u00e1ltal el\u0151fordulhat, hogy felhaszn\u00e1l\u00f3ink nem lesznek k\u00e9pesek honlapunk funkci\u00f3inak teljes k\u00f6r\u0171 haszn\u00e1lat\u00e1ra, illetve hogy a honlap a tervezett\u0151l elt\u00e9r\u0151en fog m\u0171k\u00f6dni b\u00f6ng\u00e9sz\u0151j\u00e9ben.<\/p>\t\t\t\t\t\t\t\t<\/div>\n\t\t\t\t<\/div>\n\t\t\t\t\t<\/div>\n\t\t<\/div>\n\t\t\t\t\t<\/div>\n\t\t<\/section>\n\t\t\t\t<section class=\"elementor-section elementor-top-section elementor-element elementor-element-0c85c79 elementor-section-boxed elementor-section-height-default elementor-section-height-default\" data-id=\"0c85c79\" data-element_type=\"section\" data-e-type=\"section\">\n\t\t\t\t\t\t<div class=\"elementor-container elementor-column-gap-default\">\n\t\t\t\t\t<div class=\"elementor-column elementor-col-100 elementor-top-column elementor-element elementor-element-3eebdc8\" data-id=\"3eebdc8\" data-element_type=\"column\" data-e-type=\"column\">\n\t\t\t<div class=\"elementor-widget-wrap elementor-element-populated\">\n\t\t\t\t\t\t<div class=\"elementor-element elementor-element-8b53c50 elementor-widget elementor-widget-heading\" data-id=\"8b53c50\" data-element_type=\"widget\" data-e-type=\"widget\" data-widget_type=\"heading.default\">\n\t\t\t\t<div class=\"elementor-widget-container\">\n\t\t\t\t\t<h2 class=\"elementor-heading-title elementor-size-default\">Cookie \u00e9s a b\u00f6ng\u00e9sz\u0151<\/h2>\t\t\t\t<\/div>\n\t\t\t\t<\/div>\n\t\t\t\t\t<\/div>\n\t\t<\/div>\n\t\t\t\t\t<\/div>\n\t\t<\/section>\n\t\t\t\t<section class=\"elementor-section elementor-top-section elementor-element elementor-element-8492f13 elementor-section-boxed elementor-section-height-default elementor-section-height-default\" data-id=\"8492f13\" data-element_type=\"section\" data-e-type=\"section\">\n\t\t\t\t\t\t<div class=\"elementor-container elementor-column-gap-default\">\n\t\t\t\t\t<div class=\"elementor-column elementor-col-100 elementor-top-column elementor-element elementor-element-a5bafd2\" data-id=\"a5bafd2\" data-element_type=\"column\" data-e-type=\"column\">\n\t\t\t<div class=\"elementor-widget-wrap elementor-element-populated\">\n\t\t\t\t\t\t<div class=\"elementor-element elementor-element-93e58b6 elementor-widget elementor-widget-text-editor\" data-id=\"93e58b6\" data-element_type=\"widget\" data-e-type=\"widget\" data-widget_type=\"text-editor.default\">\n\t\t\t\t<div class=\"elementor-widget-container\">\n\t\t\t\t\t\t\t\t\t<p style=\"color: #777777; font-family: Arial, Helvetica, sans-serif; font-size: 15px; outline: none !important;\">A s\u00fctiket a b\u00f6ng\u00e9sz\u0151 t\u00e1rolja \u00e9s k\u00fcldi vissza a honlap sz\u00e1m\u00e1ra, am\u00edg \u00d6n az adott honlapon b\u00f6ng\u00e9szik. A cookie-k fogad\u00e1s\u00e1ra vonatkoz\u00f3 enged\u00e9lyeket \u00e9s tilt\u00e1sokat a b\u00f6ng\u00e9sz\u0151je be\u00e1ll\u00edt\u00e1sain\u00e1l v\u00e1ltoztathatja meg.<\/p>\n<p style=\"color: #777777; font-family: Arial, Helvetica, sans-serif; font-size: 15px; outline: none !important;\">Egyes b\u00f6ng\u00e9sz\u0151kben webhelyenk\u00e9nt \u00e1ll\u00edthat\u00f3k be szab\u00e1lyok a cookie-k kezel\u00e9s\u00e9hez, \u00edgy adatainak haszn\u00e1lat\u00e1t pontosabban szab\u00e1lyozhatja. Ez azt jelenti, hogy letilthatja \u00e9s t\u00f6r\u00f6lheti a cookie-kat az \u00f6sszes webhelyr\u0151l, kiv\u00e9ve azokat, amelyekben megb\u00edzik.<\/p>\n<p style=\"color: #777777; font-family: Arial, Helvetica, sans-serif; font-size: 15px; outline: none !important;\">L\u00e9teznek olyan cookie-k, melyek a b\u00f6ng\u00e9sz\u0151 bez\u00e1r\u00e1sakor automatikusan t\u00f6rl\u0151dnek, illetve olyanok is, melyek minden esetben megh\u00edv\u00e1sra ker\u00fclnek, amikor \u00d6n \u00fajra megnyitja ugyanazt a honlapot, amely kor\u00e1bban m\u00e1r elhelyezte az \u00d6n b\u00f6ng\u00e9sz\u0151j\u00e9be a s\u00fctit.<\/p>\n<p style=\"color: #777777; font-family: Arial, Helvetica, sans-serif; font-size: 15px; outline: none !important;\">A legn\u00e9pszer\u0171bb b\u00f6ng\u00e9sz\u0151k le\u00edr\u00e1sait az al\u00e1bbi lineken olvashatja:<\/p>\n<p style=\"color: #777777; font-family: Arial, Helvetica, sans-serif; font-size: 15px; outline: none !important;\"><a href=\"https:\/\/support.google.com\/accounts\/answer\/61416?hl=hu\" target=\"_blank\" rel=\"noopener\" style=\"background-color: #ffffff; transition-property: all;\">Google Chrome<\/a><\/p>\n<p><a href=\"https:\/\/support.mozilla.org\/hu\/kb\/sutik-informacio-amelyet-weboldalak-tarolnak-szami?redirectlocale=hu&amp;redirectslug=S%C3%BCtik+kezel%C3%A9se\" target=\"_blank\" rel=\"noopener\">Mozilla Firefox<\/a><\/p>\n<p style=\"color: #777777; font-family: Arial, Helvetica, sans-serif; font-size: 15px; outline: none !important;\"><a href=\"https:\/\/support.apple.com\/kb\/PH19214?locale=hu_HU\" target=\"_blank\" rel=\"noopener\">Safari<\/a><\/p>\n<p><a href=\"https:\/\/support.microsoft.com\/hu-hu\/help\/17442\/windows-internet-explorer-delete-manage-cookies#ie=ie-11\" target=\"_blank\" rel=\"noopener\">Internet Explorer 11<\/a><\/p>\n<p style=\"color: #777777; font-family: Arial, Helvetica, sans-serif; font-size: 15px; outline: none !important;\"><\/p>\n<p style=\"color: #777777; font-family: Arial, Helvetica, sans-serif; font-size: 15px; outline: none !important;\"><\/p>\n<p style=\"color: #777777; font-family: Arial, Helvetica, sans-serif; font-size: 15px; outline: none !important;\"><\/p>\t\t\t\t\t\t\t\t<\/div>\n\t\t\t\t<\/div>\n\t\t\t\t\t<\/div>\n\t\t<\/div>\n\t\t\t\t\t<\/div>\n\t\t<\/section>\n\t\t\t\t<\/div>\n\t\t","protected":false},"excerpt":{"rendered":"<p>A s\u00fctikr\u0151l b\u0151vebben: A cookie (s\u00fcti) egy kism\u00e9ret\u0171, sz\u00f6veges f\u00e1jl, amit a b\u00f6ng\u00e9sz\u0151 program egy-egy honlap k\u00e9r\u00e9s\u00e9re a felhaszn\u00e1l\u00f3 sz\u00e1m\u00edt\u00f3g\u00e9p\u00e9n elt\u00e1rol. A honlapok ezekben a s\u00fctiknek nevezett f\u00e1jlokban t\u00e1rolj\u00e1k az ideiglenes, de sz\u00e1mukra fontos inform\u00e1ci\u00f3kat, p\u00e9ld\u00e1ul: a l\u00e1togat\u00f3 be\u00e1ll\u00edt\u00e1sait, ugyan is ezek seg\u00edts\u00e9g\u00e9vel azonos\u00edtj\u00e1k \u0151ket, figyelik meg b\u00f6ng\u00e9sz\u00e9si szok\u00e1saikat, \u00e9s [&hellip;]<\/p>\n","protected":false},"author":1,"featured_media":0,"parent":0,"menu_order":0,"comment_status":"closed","ping_status":"closed","template":"","meta":{"footnotes":""},"class_list":["post-1168","page","type-page","status-publish","hentry"],"_links":{"self":[{"href":"https:\/\/finde.hu\/index.php?rest_route=\/wp\/v2\/pages\/1168","targetHints":{"allow":["GET"]}}],"collection":[{"href":"https:\/\/finde.hu\/index.php?rest_route=\/wp\/v2\/pages"}],"about":[{"href":"https:\/\/finde.hu\/index.php?rest_route=\/wp\/v2\/types\/page"}],"author":[{"embeddable":true,"href":"https:\/\/finde.hu\/index.php?rest_route=\/wp\/v2\/users\/1"}],"replies":[{"embeddable":true,"href":"https:\/\/finde.hu\/index.php?rest_route=%2Fwp%2Fv2%2Fcomments&post=1168"}],"version-history":[{"count":11,"href":"https:\/\/finde.hu\/index.php?rest_route=\/wp\/v2\/pages\/1168\/revisions"}],"predecessor-version":[{"id":1191,"href":"https:\/\/finde.hu\/index.php?rest_route=\/wp\/v2\/pages\/1168\/revisions\/1191"}],"wp:attachment":[{"href":"https:\/\/finde.hu\/index.php?rest_route=%2Fwp%2Fv2%2Fmedia&parent=1168"}],"curies":[{"name":"wp","href":"https:\/\/api.w.org\/{rel}","templated":true}]}}