{"id":1134,"date":"2019-03-21T19:45:38","date_gmt":"2019-03-21T19:45:38","guid":{"rendered":"https:\/\/finde.hu\/?post_type=product&#038;p=1134"},"modified":"2019-05-02T15:01:07","modified_gmt":"2019-05-02T15:01:07","slug":"vizoart","status":"publish","type":"product","link":"https:\/\/finde.hu\/?product=vizoart","title":{"rendered":"Vizoart\u00a0"},"content":{"rendered":"<div class=\"gs\">\n<div class=\"\">\n<div id=\":2x6\" class=\"ii gt\">\n<div id=\":2x7\" class=\"a3s aXjCH \">\n<div dir=\"ltr\">\n<div>Kisarculat, illetve arculattervez\u00e9s, grafikai munk\u00e1k, nyomdak\u00e9sz munk\u00e1k (plak\u00e1t, sz\u00f3r\u00f3lap, bross\u00fara, flyer, megh\u00edv\u00f3) tervez\u00e9se, szerkeszt\u00e9se nyomd\u00e1ra val\u00f3 el\u0151k\u00e9sz\u00edt\u00e9se, n\u00e9vjegyk\u00e1rtya, weboldal tervez\u00e9se, k\u00e9sz\u00edt\u00e9se. Csomagol\u00e1stervez\u00e9s, kiadv\u00e1nyszerkeszt\u00e9s.<\/div>\n<div>\n<div dir=\"ltr\">\n<div><\/div>\n<div>Fot\u00f3s munk\u00e1k: h\u00e1tt\u00e9rk\u00e9pek, fot\u00f3illusztr\u00e1ci\u00f3k, t\u00e1rgyfot\u00f3z\u00e1s, egyedi k\u00e9pek k\u00e9sz\u00edt\u00e9se a v\u00e1llalkoz\u00e1s arculat\u00e1hoz, honlapj\u00e1hoz.<\/div>\n<div><\/div>\n<\/div>\n<div class=\"yj6qo\" style=\"text-align: center;\"><a href=\"https:\/\/finde.hu\/?post_type=product\" target=\"_blank\" rel=\"noopener noreferrer\">Vissza a szakma keres\u0151re<\/a><\/div>\n<div class=\"adL\"><\/div>\n<\/div>\n<\/div>\n<\/div>\n<\/div>\n<div class=\"hi\"><\/div>\n<\/div>\n<\/div>\n","protected":false},"excerpt":{"rendered":"<div>Vizoart<\/div>\n<div>Webdesign \u00e9s fot\u00f3<\/div>\n<div><\/div>\n<div>Kedves Vivien<\/div>\n<div>Telefon: 06202347297<\/div>\n<div><\/div>\n<div>\u00c1brah\u00e1m-K\u00f6dmen Zolt\u00e1n Fot\u00f3<\/div>\n<div>Telefon: 06209602626<\/div>\n<div><\/div>\n<div>e-mail:<span>\u00a0<\/span><a href=\"mailto:vizoart2018@gmail.com\" target=\"_blank\" rel=\"noopener noreferrer\">vizoart2018@gmail.com<\/a><\/div>\n<div><a href=\"http:\/\/villanyszerelopecs.hu\">Web<\/a><\/div>\n<div style=\"text-align: center;\"><\/div>\n","protected":false},"featured_media":1137,"comment_status":"closed","ping_status":"closed","template":"","meta":[],"product_brand":[],"product_cat":[334,333],"product_tag":[375,372,374,373],"class_list":{"0":"post-1134","1":"product","2":"type-product","3":"status-publish","4":"has-post-thumbnail","6":"product_cat-webgrafika","7":"product_cat-weboldal-keszites","8":"product_tag-foto","9":"product_tag-grafikai-munkak","10":"product_tag-loco-ceglogo","11":"product_tag-nevjegykartya","13":"first","14":"instock","15":"virtual","16":"product-type-simple"},"_links":{"self":[{"href":"https:\/\/finde.hu\/index.php?rest_route=\/wp\/v2\/product\/1134","targetHints":{"allow":["GET"]}}],"collection":[{"href":"https:\/\/finde.hu\/index.php?rest_route=\/wp\/v2\/product"}],"about":[{"href":"https:\/\/finde.hu\/index.php?rest_route=\/wp\/v2\/types\/product"}],"replies":[{"embeddable":true,"href":"https:\/\/finde.hu\/index.php?rest_route=%2Fwp%2Fv2%2Fcomments&post=1134"}],"wp:featuredmedia":[{"embeddable":true,"href":"https:\/\/finde.hu\/index.php?rest_route=\/wp\/v2\/media\/1137"}],"wp:attachment":[{"href":"https:\/\/finde.hu\/index.php?rest_route=%2Fwp%2Fv2%2Fmedia&parent=1134"}],"wp:term":[{"taxonomy":"product_brand","embeddable":true,"href":"https:\/\/finde.hu\/index.php?rest_route=%2Fwp%2Fv2%2Fproduct_brand&post=1134"},{"taxonomy":"product_cat","embeddable":true,"href":"https:\/\/finde.hu\/index.php?rest_route=%2Fwp%2Fv2%2Fproduct_cat&post=1134"},{"taxonomy":"product_tag","embeddable":true,"href":"https:\/\/finde.hu\/index.php?rest_route=%2Fwp%2Fv2%2Fproduct_tag&post=1134"}],"curies":[{"name":"wp","href":"https:\/\/api.w.org\/{rel}","templated":true}]}}