{"id":1142,"date":"2019-03-21T21:08:27","date_gmt":"2019-03-21T21:08:27","guid":{"rendered":"https:\/\/finde.hu\/?post_type=product&#038;p=1142"},"modified":"2019-04-16T15:28:48","modified_gmt":"2019-04-16T15:28:48","slug":"hungaria-nonstop","status":"publish","type":"product","link":"https:\/\/finde.hu\/?product=hungaria-nonstop","title":{"rendered":"Hung\u00e1ria NonStop"},"content":{"rendered":"<p>A V\u00c1LLALKOZ\u00c1S ADATAI<\/p>\n<p>Indul\u00e1s: 1997. j\u00fanius 11.<\/p>\n<p>\u00dczleti tev\u00e9kenys\u00e9gt\u00edpusok szerkeszt\u00e9se<br \/>\nTOV\u00c1BBI EL\u00c9RHET\u0150S\u00c9GI ADATOK<\/p>\n<p>hungarianonstop@gmail.com<\/p>\n<p><a href=\"http:\/\/hungarianonstop.hu\/\">web<\/a><br \/>\n<a href=\"https:\/\/www.facebook.com\/HungariaNonStop\/photos\/a.771653106218268\/1295327223850851\/?type=3&amp;theater\" target=\"_blank\" rel=\"noopener noreferrer\">\u00c1rjegyz\u00e9k<\/a><br \/>\nTOV\u00c1BBI INFORM\u00c1CI\u00d3<\/p>\n<p>Nyitva az \u00e9v minden napj\u00e1n 0-24 \u00f3r\u00e1ig.<\/p>\n<p>\u00c9lelmiszerek, ital\u00e1r\u00fa, vegyi\u00e1r\u00fa, p\u00e9k\u00e1r\u00fa, friss k\u00e1v\u00e9, \u00e9s sok egy\u00e9b term\u00e9kkel v\u00e1rjuk a kedves v\u00e1s\u00e1rl\u00f3kat.<\/p>\n<p>Ezenk\u00edv\u00fcl nyomtat\u00e1st, f\u00e9nym\u00e1sol\u00e1st, diaszkennel\u00e9st, v\u00e1llalunk.<\/p>\n<p>Dedicated to serving printing, eating and drinking demands in downtown P\u00e9cs &#8211; 24 hours a day.<br \/>\n365 napon 24 \u00f3r\u00e1n \u00e1t nyomtat\u00f3ka, elem\u00f3zsia \u00e9s it\u00f3ka.<\/p>\n<p style=\"text-align: center;\"><a href=\"https:\/\/finde.hu\/?post_type=product\">Vissza a szakma keres\u0151re<\/a><\/p>\n","protected":false},"excerpt":{"rendered":"<p>Hung\u00e1ria utca 13.<\/p>\n<p>Non-stop<\/p>\n<p>+36 70 704 4057<\/p>\n<p>e-mail: hungarianonstop@gmail.com<\/p>\n<p>web:-<\/p>\n<p>webshop:<\/p>\n<p><a href=\"https:\/\/www.google.com\/maps\/place\/P%C3%A9cs,+Hung%C3%A1ria+u.+13,+7624\/@46.0748837,18.2170913,17z\/data=!3m1!4b1!4m5!3m4!1s0x4742b19828f0c291:0x10fdee8c29352d1c!8m2!3d46.07488!4d18.21928?hl=hu\" target=\"_blank\" rel=\"noopener noreferrer\">T\u00e9rk\u00e9p<\/a><\/p>\n<p>N\u00e9vjegy ment\u00e9se telefonra:<\/p>\n<p><img decoding=\"async\" src=\"https:\/\/finde.hu\/wp-content\/uploads\/2019\/03\/hungarianonstop.png\" alt=\"\" width=\"174\" height=\"174\" class=\"alignnone size-full wp-image-1298\" srcset=\"https:\/\/finde.hu\/wp-content\/uploads\/2019\/03\/hungarianonstop.png 174w, https:\/\/finde.hu\/wp-content\/uploads\/2019\/03\/hungarianonstop-150x150.png 150w, https:\/\/finde.hu\/wp-content\/uploads\/2019\/03\/hungarianonstop-160x160.png 160w\" sizes=\"(max-width: 174px) 100vw, 174px\" \/><\/p>\n<p><a href=\"https:\/\/www.facebook.com\/HungariaNonStop\/\"><img decoding=\"async\" src=\"https:\/\/finde.hu\/wp-content\/uploads\/2019\/03\/facebbok.jpg\" alt=\"\" width=\"50\" height=\"50\" class=\"alignnone wp-image-1253\" \/><\/a><\/p>\n<p>&nbsp;<\/p>\n","protected":false},"featured_media":1148,"comment_status":"closed","ping_status":"closed","template":"","meta":[],"product_brand":[],"product_cat":[343,341,344],"product_tag":[368,367,360,370,371,365,364,361,366,369,362,363],"class_list":{"0":"post-1142","1":"product","2":"type-product","3":"status-publish","4":"has-post-thumbnail","6":"product_cat-elelmiszer-kerekedelem","7":"product_cat-kereskedelem","8":"product_cat-vegyiaru-kereskedelme","9":"product_tag-alkohol","10":"product_tag-bor","11":"product_tag-elelmiszer","12":"product_tag-felvagott","13":"product_tag-fenymasolas","14":"product_tag-foto-kidolgozas","15":"product_tag-nyomtatas","16":"product_tag-pekaru","17":"product_tag-sor","18":"product_tag-tejtermek","19":"product_tag-uditoital","20":"product_tag-vegyiaru","22":"first","23":"instock","24":"virtual","25":"product-type-simple"},"_links":{"self":[{"href":"https:\/\/finde.hu\/index.php?rest_route=\/wp\/v2\/product\/1142","targetHints":{"allow":["GET"]}}],"collection":[{"href":"https:\/\/finde.hu\/index.php?rest_route=\/wp\/v2\/product"}],"about":[{"href":"https:\/\/finde.hu\/index.php?rest_route=\/wp\/v2\/types\/product"}],"replies":[{"embeddable":true,"href":"https:\/\/finde.hu\/index.php?rest_route=%2Fwp%2Fv2%2Fcomments&post=1142"}],"wp:featuredmedia":[{"embeddable":true,"href":"https:\/\/finde.hu\/index.php?rest_route=\/wp\/v2\/media\/1148"}],"wp:attachment":[{"href":"https:\/\/finde.hu\/index.php?rest_route=%2Fwp%2Fv2%2Fmedia&parent=1142"}],"wp:term":[{"taxonomy":"product_brand","embeddable":true,"href":"https:\/\/finde.hu\/index.php?rest_route=%2Fwp%2Fv2%2Fproduct_brand&post=1142"},{"taxonomy":"product_cat","embeddable":true,"href":"https:\/\/finde.hu\/index.php?rest_route=%2Fwp%2Fv2%2Fproduct_cat&post=1142"},{"taxonomy":"product_tag","embeddable":true,"href":"https:\/\/finde.hu\/index.php?rest_route=%2Fwp%2Fv2%2Fproduct_tag&post=1142"}],"curies":[{"name":"wp","href":"https:\/\/api.w.org\/{rel}","templated":true}]}}