{"id":1235,"date":"2019-03-28T17:10:23","date_gmt":"2019-03-28T17:10:23","guid":{"rendered":"https:\/\/finde.hu\/?post_type=product&#038;p=1235"},"modified":"2019-05-02T15:00:24","modified_gmt":"2019-05-02T15:00:24","slug":"portech-hygienia-kft","status":"publish","type":"product","link":"https:\/\/finde.hu\/?product=portech-hygienia-kft","title":{"rendered":"Portech Hygi\u00e9nia Kft"},"content":{"rendered":"<header>\n<div class=\"container\">\n<h1>R\u00f3lunk<\/h1>\n<\/div>\n<\/header>\n<article>\n<div class=\"container\">\n<div class=\"content\">\n<p><em><strong><a href=\"http:\/\/www.tisztaszivas.hu\/Kapcsolat\">C\u00e9g\u00fcnk<\/a><\/strong><\/em><span>\u00a0<\/span>1991-ben alakult<em><strong><a href=\"http:\/\/www.tisztaszivas.hu\/Kapcsolat\"><span>\u00a0<\/span>p\u00e9csi sz\u00e9khellyel<\/a><\/strong><\/em>. F\u0151 profilunk a porzs\u00e1kok gy\u00e1rt\u00e1sa, magyarorsz\u00e1gi \u00e9s k\u00fclf\u00f6ldi forgalmaz\u00e1sa. K\u00edn\u00e1latunkban szerepelnek porsz\u00edv\u00f3k \u00e9s takar\u00edt\u00f3g\u00e9pek, porsz\u00edv\u00f3 alkatr\u00e9szek,\u00a0HEPA sz\u0171r\u0151k \u00e9s motorv\u00e9d\u0151 filterek, illetve sz\u00e1mos porsz\u00edv\u00f3 tartoz\u00e9k is.<\/p>\n<p>A lakoss\u00e1gi felhaszn\u00e1l\u00e1s\u00fa<span>\u00a0<\/span><em><strong><a href=\"http:\/\/www.tisztaszivas.hu\/Termekek\">term\u00e9kek<\/a><\/strong><\/em><span>\u00a0<\/span>mellett c\u00e9g\u00fcnk sz\u00e1mos ipari porsz\u00edv\u00f3 porzs\u00e1kj\u00e1t is gy\u00e1rtja \u00e9s forgalmazza. Ezen<span>\u00a0<\/span><em><strong><a href=\"http:\/\/www.tisztaszivas.hu\/Termekek\">term\u00e9keink<\/a><\/strong><\/em><span>\u00a0<\/span>kiv\u00e1l\u00f3 alapanyagb\u00f3l k\u00e9sz\u00fclnek gondos gy\u00e1rt\u00e1si folyamat r\u00e9v\u00e9n, mely garancia a j\u00f3 min\u0151s\u00e9gre.<\/p>\n<p>A<span>\u00a0<\/span><em><strong><a href=\"http:\/\/www.tisztaszivas.hu\/\">Tisztasz\u00edv\u00e1s webshop<\/a><\/strong><\/em><span>\u00a0<\/span>a sok \u00e9ves szakmai tapasztalatunknak \u00e9s hossz\u00fa fejleszt\u0151i munk\u00e1nknak k\u00f6sz\u00f6nhet\u0151en j\u00f6tt l\u00e9tre azzal a c\u00e9llal, hogy saj\u00e1t gy\u00e1rt\u00e1s\u00fa term\u00e9keink \u00e9s nemzetk\u00f6zi beszerz\u00e9seink r\u00e9v\u00e9n a legsz\u00e9lesebb v\u00e1laszt\u00e9kot \u00e9s legjobb \u00e1rakat ny\u00fajtsa a v\u00e1s\u00e1rl\u00f3k r\u00e9sz\u00e9re.<\/p>\n<p>Fent eml\u00edtett tev\u00e9kenys\u00e9gek mellet professzion\u00e1lis sz\u0151nyegtiszt\u00edt\u00e1st is\u00a0 \u00a0v\u00e1llalunk 2018-as \u00e9vt\u0151l.<\/p>\n<p style=\"text-align: center;\"><a href=\"https:\/\/finde.hu\/?post_type=product\">Vissza a szakma keres\u0151re<\/a><\/p>\n<\/div>\n<\/div>\n<\/article>\n","protected":false},"excerpt":{"rendered":"<header>\n<div class=\"container\" style=\"text-align: left;\">\n<p>7630 P\u00e9cs, Zsolnay Vilmos utca 57.<\/p>\n<p><span>\u00dcgyf\u00e9lfogad\u00e1si id\u0151\/nyitva tart\u00e1s: H-P 8.30-16.30 SZ-V Z\u00e1rva<\/span><\/p>\n<p>Telefon: 06 70 698 9642<\/p>\n<p>e-mail: info@tisztaszivas.hu<\/p>\n<p style=\"text-align: center;\"><a href=\"http:\/\/porzsakmester.hu\" target=\"_blank\" rel=\"noopener noreferrer\">web<\/a><\/p>\n<p style=\"text-align: center;\"><a href=\"http:\/\/tisztaszivas.hu\" target=\"_blank\" rel=\"noopener noreferrer\">webshop<\/a><\/p>\n<\/div>\n<\/header>\n<p style=\"text-align: center;\">\u00a0<a href=\"https:\/\/www.google.com\/maps\/place\/P%C3%A9cs,+Zsolnay+Vilmos+u.+57,+7630\/@46.0812246,18.255921,17z\/data=!3m1!4b1!4m5!3m4!1s0x4742b11a1e9d05db:0x7a7bec20701aaf44!8m2!3d46.0812246!4d18.2581097\" target=\"_blank\" rel=\"noopener noreferrer\">t\u00e9rk\u00e9p<\/a><\/p>\n<p>N\u00e9vjegy ment\u00e9se telefonra:<\/p>\n<p><img fetchpriority=\"high\" decoding=\"async\" src=\"https:\/\/finde.hu\/wp-content\/uploads\/2019\/03\/portech.png\" alt=\"\" width=\"261\" height=\"261\" class=\"alignnone size-full wp-image-1377\" srcset=\"https:\/\/finde.hu\/wp-content\/uploads\/2019\/03\/portech.png 261w, https:\/\/finde.hu\/wp-content\/uploads\/2019\/03\/portech-150x150.png 150w, https:\/\/finde.hu\/wp-content\/uploads\/2019\/03\/portech-160x160.png 160w\" sizes=\"(max-width: 261px) 100vw, 261px\" \/><\/p>\n<p><a href=\"https:\/\/www.facebook.com\/tisztaszivas.hu\/\"><img decoding=\"async\" src=\"https:\/\/finde.hu\/wp-content\/uploads\/2019\/03\/facebbok.jpg\" alt=\"\" width=\"50\" height=\"50\" class=\"alignnone wp-image-1253\" \/><\/a><\/p>\n<p>Besz\u00e9lt nyelvek: Magyar, Angol<\/p>\n<p>&nbsp;<\/p>\n","protected":false},"featured_media":1245,"comment_status":"closed","ping_status":"closed","template":"","meta":[],"product_brand":[],"product_cat":[347,348,342,346],"product_tag":[355,350,357,352,353,349,356,354,351],"class_list":{"0":"post-1235","1":"product","2":"type-product","3":"status-publish","4":"has-post-thumbnail","6":"product_cat-gyartoi-tevekenyseg","7":"product_cat-haztartasi-gep-alkatresz-nagykereskedelme","8":"product_cat-haztartasi-gep-es-alkatresz-kereskedelem","9":"product_cat-szonyeg-tisztitas","10":"product_tag-hepa-szurok","11":"product_tag-porszivo","12":"product_tag-porszivo-alkatresz","13":"product_tag-porszivofejek","14":"product_tag-porszivomotor","15":"product_tag-porzsak","16":"product_tag-szenkefek","17":"product_tag-szonyegtisztitas","18":"product_tag-szurok","20":"first","21":"instock","22":"virtual","23":"product-type-simple"},"_links":{"self":[{"href":"https:\/\/finde.hu\/index.php?rest_route=\/wp\/v2\/product\/1235","targetHints":{"allow":["GET"]}}],"collection":[{"href":"https:\/\/finde.hu\/index.php?rest_route=\/wp\/v2\/product"}],"about":[{"href":"https:\/\/finde.hu\/index.php?rest_route=\/wp\/v2\/types\/product"}],"replies":[{"embeddable":true,"href":"https:\/\/finde.hu\/index.php?rest_route=%2Fwp%2Fv2%2Fcomments&post=1235"}],"wp:featuredmedia":[{"embeddable":true,"href":"https:\/\/finde.hu\/index.php?rest_route=\/wp\/v2\/media\/1245"}],"wp:attachment":[{"href":"https:\/\/finde.hu\/index.php?rest_route=%2Fwp%2Fv2%2Fmedia&parent=1235"}],"wp:term":[{"taxonomy":"product_brand","embeddable":true,"href":"https:\/\/finde.hu\/index.php?rest_route=%2Fwp%2Fv2%2Fproduct_brand&post=1235"},{"taxonomy":"product_cat","embeddable":true,"href":"https:\/\/finde.hu\/index.php?rest_route=%2Fwp%2Fv2%2Fproduct_cat&post=1235"},{"taxonomy":"product_tag","embeddable":true,"href":"https:\/\/finde.hu\/index.php?rest_route=%2Fwp%2Fv2%2Fproduct_tag&post=1235"}],"curies":[{"name":"wp","href":"https:\/\/api.w.org\/{rel}","templated":true}]}}