{"id":1313,"date":"2019-04-17T09:20:38","date_gmt":"2019-04-17T09:20:38","guid":{"rendered":"https:\/\/finde.hu\/?post_type=product&#038;p=1313"},"modified":"2019-04-17T18:41:16","modified_gmt":"2019-04-17T18:41:16","slug":"21-szazadi-magyaregregyert-egyesulet","status":"publish","type":"product","link":"https:\/\/finde.hu\/?product=21-szazadi-magyaregregyert-egyesulet","title":{"rendered":"21. Sz\u00e1zadi Magyaregregy\u00e9rt Egyes\u00fclet"},"content":{"rendered":"<p>Az egyes\u00fclet 2010-ben j\u00f6tt l\u00e9tre azzal a c\u00e9llal, hogy k\u00e9pz\u00e9sekkel, kultur\u00e1lis programokkal, min\u0151s\u00e9gi szabadid\u0151s tev\u00e9kenys\u00e9gek szervez\u00e9s\u00e9vel seg\u00edtse a Magyaregregyen \u00e9l\u0151k \u00e9letk\u00f6r\u00fclm\u00e9nyeit. Az egyes\u00fclet felkarolta a hagyom\u00e1nyok \u00e1pol\u00e1s\u00e1t, a helyi kegyhely \u00e9s a falu mellett fekv\u0151 M\u00e1r\u00e9 v\u00e1r n\u00e9pszer\u0171s\u00edt\u00e9s\u00e9t.<\/p>\n<p>Tev\u00e9kenys\u00e9gi k\u00f6r\u00f6k: el\u0151ad\u00e1sok, ki\u00e1ll\u00edt\u00e1sok szervez\u00e9se, kiadv\u00e1nyok k\u00e9sz\u00edt\u00e9se, hagyom\u00e1ny\u0151rz\u0151 \u00edj\u00e1szat \u00e9s \u00edj\u00e1szverseny szervez\u00e9se, v\u00e1rbar\u00e1ti tev\u00e9kenys\u00e9g<\/p>\n<p style=\"text-align: center;\"><a href=\"https:\/\/finde.hu\/?post_type=product\">Vissza a szakma keres\u0151re<\/a><\/p>\n","protected":false},"excerpt":{"rendered":"<p>kult\u00fara, hon- \u00e9s helyismereti Egyes\u00fclet<\/p>\n<p>7332 Magyaregregy, Zr\u00ednyi utca 1.<\/p>\n<p>\u00dcgyf\u00e9lfogad\u00e1si id\u0151\/nyitva tart\u00e1s:: egyeztetett id\u0151pontban<\/p>\n<p>Telefon: +36 20 8230791<\/p>\n<p>email: szvarga@gmail.com<\/p>\n<p>web &#8211;<\/p>\n<p>webshop &#8211;<\/p>\n<p><a href=\"https:\/\/www.google.hu\/maps\/place\/Magyaregregy,+Zr%C3%ADnyi+u.+1,+7332\/@46.249103,18.3050173,17z\/data=!3m1!4b1!4m5!3m4!1s0x4742bd25441e6125:0x8fc3bea10196bb0d!8m2!3d46.249103!4d18.307206\" target=\"_blank\" rel=\"noopener noreferrer\">T\u00e9rk\u00e9p<\/a><\/p>\n<p>Besz\u00e9lt nyelvek:<\/p>\n<p>Magyar, Angol<\/p>\n<p>N\u00e9vjegy ment\u00e9se telefonra:<\/p>\n<p><img fetchpriority=\"high\" decoding=\"async\" src=\"https:\/\/finde.hu\/wp-content\/uploads\/2019\/04\/vargaszabolcs-300x300.jpg\" alt=\"\" width=\"300\" height=\"300\" class=\"alignnone size-medium wp-image-1316\" srcset=\"https:\/\/finde.hu\/wp-content\/uploads\/2019\/04\/vargaszabolcs-300x300.jpg 300w, https:\/\/finde.hu\/wp-content\/uploads\/2019\/04\/vargaszabolcs-150x150.jpg 150w, https:\/\/finde.hu\/wp-content\/uploads\/2019\/04\/vargaszabolcs-160x160.jpg 160w, https:\/\/finde.hu\/wp-content\/uploads\/2019\/04\/vargaszabolcs.jpg 325w\" sizes=\"(max-width: 300px) 100vw, 300px\" \/><\/p>\n<p><a href=\"https:\/\/www.facebook.com\/21-Sz%C3%A1zadi-Magyaregregy%C3%A9rt-Egyes%C3%BClet-M%C3%A1r%C3%A9-%C3%ADj%C3%A1szai-1697015133888771\/?__tn__=%2Cd%2CP-R&amp;eid=ARDzuYseo3PruAVZB2KTYuY_JxIJ8tZYfszOm2ZIxMpFcJHNpT5KEr1Zm-XnlsugDixp-KM3r-LsuLs0\"><img decoding=\"async\" src=\"https:\/\/finde.hu\/wp-content\/uploads\/2019\/03\/facebbok.jpg\" alt=\"\" width=\"100\" height=\"100\" class=\"alignnone wp-image-1253 size-full\" \/><\/a><\/p>\n","protected":false},"featured_media":1314,"comment_status":"open","ping_status":"closed","template":"","meta":[],"product_brand":[],"product_cat":[472,183],"product_tag":[473,476,475,478,474,477],"class_list":{"0":"post-1313","1":"product","2":"type-product","3":"status-publish","4":"has-post-thumbnail","6":"product_cat-egyesulet","7":"product_cat-magyaregregy","8":"product_tag-eloadasok","9":"product_tag-hagyomanyorzo-ijaszat-es-ijaszverseny-szervezese","10":"product_tag-kiadvanyok-keszitese","11":"product_tag-kiallitasok","12":"product_tag-kiallitasok-szervezese","13":"product_tag-varbarati-tevekenyseg","15":"first","16":"instock","17":"shipping-taxable","18":"product-type-simple"},"_links":{"self":[{"href":"https:\/\/finde.hu\/index.php?rest_route=\/wp\/v2\/product\/1313","targetHints":{"allow":["GET"]}}],"collection":[{"href":"https:\/\/finde.hu\/index.php?rest_route=\/wp\/v2\/product"}],"about":[{"href":"https:\/\/finde.hu\/index.php?rest_route=\/wp\/v2\/types\/product"}],"replies":[{"embeddable":true,"href":"https:\/\/finde.hu\/index.php?rest_route=%2Fwp%2Fv2%2Fcomments&post=1313"}],"wp:featuredmedia":[{"embeddable":true,"href":"https:\/\/finde.hu\/index.php?rest_route=\/wp\/v2\/media\/1314"}],"wp:attachment":[{"href":"https:\/\/finde.hu\/index.php?rest_route=%2Fwp%2Fv2%2Fmedia&parent=1313"}],"wp:term":[{"taxonomy":"product_brand","embeddable":true,"href":"https:\/\/finde.hu\/index.php?rest_route=%2Fwp%2Fv2%2Fproduct_brand&post=1313"},{"taxonomy":"product_cat","embeddable":true,"href":"https:\/\/finde.hu\/index.php?rest_route=%2Fwp%2Fv2%2Fproduct_cat&post=1313"},{"taxonomy":"product_tag","embeddable":true,"href":"https:\/\/finde.hu\/index.php?rest_route=%2Fwp%2Fv2%2Fproduct_tag&post=1313"}],"curies":[{"name":"wp","href":"https:\/\/api.w.org\/{rel}","templated":true}]}}