{"id":1362,"date":"2019-04-28T19:04:14","date_gmt":"2019-04-28T19:04:14","guid":{"rendered":"https:\/\/finde.hu\/?post_type=product&#038;p=1362"},"modified":"2019-05-18T16:41:17","modified_gmt":"2019-05-18T16:41:17","slug":"1362","status":"publish","type":"product","link":"https:\/\/finde.hu\/?product=1362","title":{"rendered":"Hung\u00e1ria bizom\u00e1nyi"},"content":{"rendered":"<p><span>C\u00e9g\u00fcnk 25 \u00e9ve foglalkozik m\u0171szaki cikkek ad\u00e1s v\u00e9tel\u00e9vel. J\u00f3 min\u0151s\u00e9g\u0171 garanci\u00e1val k\u00edn\u00e1lt term\u00e9kekkel keresked\u00fcnk. \u00dczleti strat\u00e9gi\u00e1nk, hogy ne csak az legyen el\u00e9gedett, aki n\u00e1lunk v\u00e1s\u00e1rol, hanem az is, aki eladja n\u00e1lunk a term\u00e9k\u00e9t. Megpr\u00f3b\u00e1ljuk a legjobb napi \u00e1ron k\u00e9szp\u00e9nz\u00e9rt megv\u00e1s\u00e1rolni.<\/span><\/p>\n<p style=\"text-align: center;\"><a href=\"https:\/\/finde.hu\/?post_type=product\">Vissza a szakma keres\u0151re<\/a><\/p>\n<p>Haszn\u00e1lt term\u00e9kek, Tv, mos\u00f3g\u00e9p, m\u0171szaki cikkek, haszn\u00e1ltcikk<\/p>\n","protected":false},"excerpt":{"rendered":"<p>Hung\u00e1ria bizom\u00e1nyi.<\/p>\n<p>7624 P\u00e9cs Hung\u00e1ria utca 23.<\/p>\n<p>\u00dcgyf\u00e9lfogad\u00e1si id\u0151\/nyitva tart\u00e1s: H-P 9,30-17 ig eb\u00e9dsz\u00fcnet 12-13-ig SZ: 9,30-12-ig<\/p>\n<p>Telefon\/fax +36 30 798 0441 +36 72 222 777<\/p>\n<p>e-mail: hungariabizomanyi@gmail.com<\/p>\n<p><a href=\"http:\/\/hungariabizomanyi.hu\" target=\"_blank\" rel=\"noopener noreferrer\">Web<\/a><\/p>\n<p><a href=\"http:\/\/hungariabizomanyi.hu\" target=\"_blank\" rel=\"noopener noreferrer\">Webshop<\/a><\/p>\n<p><a href=\"https:\/\/www.google.hu\/maps\/place\/P%C3%A9cs,+Hung%C3%A1ria+u.+23,+7624\/@46.0749567,18.2159652,17z\/data=!3m1!4b1!4m5!3m4!1s0x4742b1979b370031:0x22e10d18849f0306!8m2!3d46.074953!4d18.2181539\" target=\"_blank\" rel=\"noopener noreferrer\">T\u00e9rk\u00e9p<\/a><\/p>\n<p>Besz\u00e9lt nyelvek:<\/p>\n<p>Magyar, Angol<\/p>\n<p>N\u00e9vjegy ment\u00e9se telefonra:<\/p>\n<p>&nbsp;<\/p>\n<p><a href=\"https:\/\/www.facebook.com\/Hung%C3%A1ria-Bizom%C3%A1nyi-572925629512565\/\"><img decoding=\"async\" src=\"https:\/\/finde.hu\/wp-content\/uploads\/2019\/03\/facebbok.jpg\" alt=\"\" width=\"100\" height=\"100\" class=\"alignnone wp-image-1253 size-full\" \/><\/a><\/p>\n","protected":false},"featured_media":1369,"comment_status":"closed","ping_status":"closed","template":"","meta":[],"product_brand":[],"product_cat":[479],"product_tag":[],"class_list":{"0":"post-1362","1":"product","2":"type-product","3":"status-publish","4":"has-post-thumbnail","6":"product_cat-hasznaltcikk-kiskeeskedelme","8":"first","9":"instock","10":"shipping-taxable","11":"product-type-simple"},"_links":{"self":[{"href":"https:\/\/finde.hu\/index.php?rest_route=\/wp\/v2\/product\/1362","targetHints":{"allow":["GET"]}}],"collection":[{"href":"https:\/\/finde.hu\/index.php?rest_route=\/wp\/v2\/product"}],"about":[{"href":"https:\/\/finde.hu\/index.php?rest_route=\/wp\/v2\/types\/product"}],"replies":[{"embeddable":true,"href":"https:\/\/finde.hu\/index.php?rest_route=%2Fwp%2Fv2%2Fcomments&post=1362"}],"wp:featuredmedia":[{"embeddable":true,"href":"https:\/\/finde.hu\/index.php?rest_route=\/wp\/v2\/media\/1369"}],"wp:attachment":[{"href":"https:\/\/finde.hu\/index.php?rest_route=%2Fwp%2Fv2%2Fmedia&parent=1362"}],"wp:term":[{"taxonomy":"product_brand","embeddable":true,"href":"https:\/\/finde.hu\/index.php?rest_route=%2Fwp%2Fv2%2Fproduct_brand&post=1362"},{"taxonomy":"product_cat","embeddable":true,"href":"https:\/\/finde.hu\/index.php?rest_route=%2Fwp%2Fv2%2Fproduct_cat&post=1362"},{"taxonomy":"product_tag","embeddable":true,"href":"https:\/\/finde.hu\/index.php?rest_route=%2Fwp%2Fv2%2Fproduct_tag&post=1362"}],"curies":[{"name":"wp","href":"https:\/\/api.w.org\/{rel}","templated":true}]}}