{"id":743,"date":"2018-07-04T09:06:45","date_gmt":"2018-07-04T09:06:45","guid":{"rendered":"http:\/\/woodemo.local\/?post_type=product&#038;p=743"},"modified":"2019-05-13T17:47:53","modified_gmt":"2019-05-13T17:47:53","slug":"ioslood","status":"publish","type":"product","link":"https:\/\/finde.hu\/?product=ioslood","title":{"rendered":"H\u00e1mory L\u00e1szl\u00f3 informatikus"},"content":{"rendered":"<p style=\"text-align: left;\"><span>H\u00e1ll\u00f3zzati rendszerek tervez\u00e9se, kialak\u00edt\u00e1sa, <\/span><\/p>\n<p style=\"text-align: left;\"><span>linux szerverek telep\u00edt\u00e9se, \u00fczemeltet\u00e9se, <\/span><\/p>\n<p style=\"text-align: left;\"><span>windows munka\u00e1llom\u00e1sok telep\u00edt\u00e9se, \u00fczemeltet\u00e9se, <\/span><\/p>\n<p style=\"text-align: left;\"><span>weboldalak k\u00e9sz\u00edt\u00e9se, \u00fczemeltet\u00e9se.<\/span><\/p>\n<p>&nbsp;<\/p>\n<p>&nbsp;<\/p>\n<p style=\"text-align: center;\"><a href=\"https:\/\/finde.hu\/?post_type=product\">Vissza a szakma keres\u0151re<\/a><\/p>\n<p>&nbsp;<\/p>\n<p>&nbsp;<\/p>\n","protected":false},"excerpt":{"rendered":"<p>Informatikus, rendszergazda<\/p>\n<p>7624 P\u00e9cs Hung\u00e1ria utca 28-30<\/p>\n<p>Telefon: +36-70-396-9770<\/p>\n<p>e-mail: info@finde.hu<\/p>\n<p><a href=\"http:\/\/finde,hu\">Web<\/a><\/p>\n<p><a href=\"https:\/\/www.google.com\/maps\/place\/P%C3%A9cs,+Zsolnay+Vilmos+u.+57,+7630\/@46.0812246,18.255921,17z\/data=!3m1!4b1!4m5!3m4!1s0x4742b11a1e9d05db:0x7a7bec20701aaf44!8m2!3d46.0812246!4d18.2581097\">t\u00e9rk\u00e9p<\/a><\/p>\n<p>N\u00e9vjegy ment\u00e9se telefonra:<\/p>\n<p><img fetchpriority=\"high\" decoding=\"async\" src=\"https:\/\/finde.hu\/wp-content\/uploads\/2018\/07\/hamory-laszlo.png\" alt=\"\" width=\"250\" height=\"250\" class=\"alignnone size-full wp-image-1376\" srcset=\"https:\/\/finde.hu\/wp-content\/uploads\/2018\/07\/hamory-laszlo.png 250w, https:\/\/finde.hu\/wp-content\/uploads\/2018\/07\/hamory-laszlo-150x150.png 150w, https:\/\/finde.hu\/wp-content\/uploads\/2018\/07\/hamory-laszlo-160x160.png 160w\" sizes=\"(max-width: 250px) 100vw, 250px\" \/><\/p>\n","protected":false},"featured_media":1141,"comment_status":"open","ping_status":"closed","template":"","meta":[],"product_brand":[],"product_cat":[338,336,335,329,337,333],"product_tag":[],"class_list":{"0":"post-743","1":"product","2":"type-product","3":"status-publish","4":"has-post-thumbnail","6":"product_cat-adatmentes","7":"product_cat-halozat-tervezes-kiepites","8":"product_cat-hasznalt-szamitogep-kereskedes","9":"product_cat-informatika-pecs","10":"product_cat-szamitogep-javitas","11":"product_cat-weboldal-keszites","13":"first","14":"instock","15":"shipping-taxable","16":"product-type-simple"},"_links":{"self":[{"href":"https:\/\/finde.hu\/index.php?rest_route=\/wp\/v2\/product\/743","targetHints":{"allow":["GET"]}}],"collection":[{"href":"https:\/\/finde.hu\/index.php?rest_route=\/wp\/v2\/product"}],"about":[{"href":"https:\/\/finde.hu\/index.php?rest_route=\/wp\/v2\/types\/product"}],"replies":[{"embeddable":true,"href":"https:\/\/finde.hu\/index.php?rest_route=%2Fwp%2Fv2%2Fcomments&post=743"}],"wp:featuredmedia":[{"embeddable":true,"href":"https:\/\/finde.hu\/index.php?rest_route=\/wp\/v2\/media\/1141"}],"wp:attachment":[{"href":"https:\/\/finde.hu\/index.php?rest_route=%2Fwp%2Fv2%2Fmedia&parent=743"}],"wp:term":[{"taxonomy":"product_brand","embeddable":true,"href":"https:\/\/finde.hu\/index.php?rest_route=%2Fwp%2Fv2%2Fproduct_brand&post=743"},{"taxonomy":"product_cat","embeddable":true,"href":"https:\/\/finde.hu\/index.php?rest_route=%2Fwp%2Fv2%2Fproduct_cat&post=743"},{"taxonomy":"product_tag","embeddable":true,"href":"https:\/\/finde.hu\/index.php?rest_route=%2Fwp%2Fv2%2Fproduct_tag&post=743"}],"curies":[{"name":"wp","href":"https:\/\/api.w.org\/{rel}","templated":true}]}}