{"id":744,"date":"2018-07-04T09:07:55","date_gmt":"2018-07-04T09:07:55","guid":{"rendered":"http:\/\/woodemo.local\/?post_type=product&#038;p=744"},"modified":"2019-05-02T15:02:30","modified_gmt":"2019-05-02T15:02:30","slug":"hanging-itchweed","status":"publish","type":"product","link":"https:\/\/finde.hu\/?product=hanging-itchweed","title":{"rendered":"Global Profi Team KFT"},"content":{"rendered":"<p>v\u00e1llalkoz\u00e1sok kett\u0151s k\u00f6nyvvitele \u00e9s egyszeres k\u00f6nyvvitele \u2013 magas sz\u00ednvonal\u00fa sz\u00e1m\u00edt\u00e1stechnikai h\u00e1tt\u00e9rrel (ev\u00e1soknak is)<br \/>\nbevall\u00e1sok, besz\u00e1mol\u00f3k k\u00e9sz\u00edt\u00e9se<br \/>\nvagyonm\u00e9rleg, \u00e1talakul\u00e1si terv k\u00e9sz\u00edt\u00e9se<br \/>\nvev\u0151-, sz\u00e1ll\u00edt\u00f3-, p\u00e9nzt\u00e1r-, bank- \u00e9s vegyes bizonylatok kont\u00edroz\u00e1sa, feldolgoz\u00e1sa<br \/>\nvev\u0151i, sz\u00e1ll\u00edt\u00f3i analitik\u00e1k k\u00e9sz\u00edt\u00e9se<br \/>\naz \u00e1llami k\u00f6lts\u00e9gvet\u00e9ssel kapcsolatos elsz\u00e1mol\u00e1sok (\u00c1FA, SzJA, t\u00e1rsas\u00e1gi ad\u00f3, munkaad\u00f3i \u00e9s munkav\u00e1llal\u00f3i j\u00e1rul\u00e9k, ad\u00f3bevall\u00e1s)<br \/>\nf\u0151k\u00f6nyvi kivonat k\u00e9sz\u00edt\u00e9se<br \/>\nig\u00e9ny szerinti p\u00e9nz\u00fcgyi inform\u00e1ci\u00f3 szolg\u00e1ltat\u00e1sa.<br \/>\nhavonta, negyed\u00e9vente besz\u00e1mol\u00f3 k\u00e9sz\u00edt\u00e9se<br \/>\n\u00e9ves besz\u00e1mol\u00f3 elk\u00e9sz\u00edt\u00e9se<br \/>\nlelt\u00e1r elk\u00e9sz\u00edt\u00e9se (sz\u00e1mviteli)<br \/>\nt\u00e1rgyi eszk\u00f6z\u00f6k nyilv\u00e1ntart\u00e1sa<br \/>\nk\u00f6nyvel\u00e9s, ad\u00f3elsz\u00e1mol\u00e1s fel\u00fclvizsg\u00e1lata, \u00f6nrev\u00edzi\u00f3 elk\u00e9sz\u00edt\u00e9se<\/p>\n<p><strong>B\u00e9rsz\u00e1mfejt\u00e9s, munka\u00fcgy, t\u00e1rsadalombiztos\u00edt\u00e1s<\/strong><\/p>\n<p>havi b\u00e9rsz\u00e1mfejt\u00e9s<br \/>\nhavi jelent\u00e9sek elk\u00e9sz\u00edt\u00e9se, bek\u00fcld\u00e9se<br \/>\nk\u00f6telez\u0151 nyilv\u00e1ntart\u00e1sok vezet\u00e9se<br \/>\nt\u00e1pp\u00e9nzzel kapcsolatos \u00fcgyint\u00e9z\u00e9s<br \/>\nmag\u00e1nnyugd\u00edjp\u00e9nzt\u00e1rak kezel\u00e9se<br \/>\nkil\u00e9p\u0151 dolgoz\u00f3k adatszolg\u00e1ltat\u00e1sa<br \/>\n\u00e9ves \u00e9s id\u0151szaki ad\u00f3bevall\u00e1sok elk\u00e9sz\u00edt\u00e9se<br \/>\nmunk\u00e1ltat\u00f3i SZJA-bevall\u00e1s elk\u00e9sz\u00edt\u00e9se<\/p>\n<p><strong>Ad\u00f3tan\u00e1csad\u00e1s (k\u00f6nyvel\u00e9shez kapcsol\u00f3d\u00f3)<\/strong><\/p>\n<p>Ad\u00f3z\u00e1si- \u00e9s \u00fczletvezet\u00e9si tan\u00e1csok<br \/>\nAd\u00f3tippek<br \/>\nAd\u00f3optimaliz\u00e1l\u00e1s<\/p>\n<p><strong>K\u00f6nyvel\u00e9s, k\u00f6nyvvitel, k\u00f6nyvviteli szolg\u00e1ltat\u00e1sok<\/strong><\/p>\n<p>Kett\u0151s k\u00f6nyvvitel<br \/>\nEgyszeres k\u00f6nyvvitel<br \/>\nTB-, b\u00e9r<br \/>\nT\u00e1rgyi eszk\u00f6z<br \/>\nAdatszolg\u00e1ltat\u00e1sok (SZJA, NYENYI)<br \/>\nK\u00e9szletnyilv\u00e1ntart\u00e1s<br \/>\n\u00datnyilv\u00e1ntart\u00e1s<br \/>\nSz\u00e1ml\u00e1z\u00e1s<br \/>\nEVA-nyilv\u00e1ntart\u00e1s<\/p>\n<p><strong>K\u00e9pviselet elj\u00e1r\u00e1sokban<\/strong><\/p>\n<p align=\"center\">Teljes k\u00f6r\u0171 k\u00e9pviselet az APEH, TB, \u00f6nkorm\u00e1nyzatok \u00e9s m\u00e1s hat\u00f3s\u00e1gok el\u0151tt<br \/>\nKonzult\u00e1ci\u00f3s k\u00e9pviselet c\u00e9galap\u00edt\u00e1ssal, \u00e1talak\u00edt\u00e1ssal, m\u00f3dos\u00edt\u00e1ssal kapcsolatos c\u00e9gelj\u00e1r\u00e1s sor\u00e1n<\/p>\n<p><a href=\"http:\/\/www.gpteam.hu\/bemutatkozas.php\" target=\"_blank\" rel=\"noopener noreferrer\">\u00a0<\/a>A jogi tan\u00e1csad\u00e1s mellett tev\u00e9kenys\u00e9g\u00fcnk m\u00e1sik s\u00falypontja \u00fcgyfeleink megb\u00edz\u00e1s\u00e1b\u00f3l kezelend\u0151 c\u00e9gek sz\u00e1m\u00e1ra ny\u00fajtott ad\u00f3 \u00e9s \u00fczleti tan\u00e1csad\u00e1s, valamint a k\u00f6nyvel\u00e9s.<o:p><\/o:p><\/p>\n<p>V\u00e1llalati ad\u00f3z\u00e1s \u00e9s k\u00f6nyvel\u00e9s ter\u00fclet\u00e9re szakosodott munkat\u00e1rsaink biztos\u00edtj\u00e1k, hogy n\u00e9met c\u00e9g\u00e9nek vezet\u00e9se m\u00e1r az alap\u00edt\u00e1st\u00f3l kezdve megfeleljen a n\u00e9met jogi \u00e9s ad\u00f3jogi el\u0151\u00edr\u00e1soknak \u00e9s valamennyi rendszeres \u00e9s eseti ad\u00f3bevall\u00e1s\u00e1t megfelel\u0151 form\u00e1ban ny\u00fajtsa be.<o:p><\/o:p><\/p>\n<p>N\u00e9met c\u00e9g\u00e9nek magyar \u00fcgyvezet\u0151j\u00e9t folyamatos ad\u00f3- \u00e9s k\u00f6nyvel\u00e9si tan\u00e1csad\u00e1ssal is t\u00e1mogatjuk \u00e9s elk\u00e9sz\u00edtj\u00fck c\u00e9g\u00e9nek z\u00e1r\u00f3m\u00e9rleg\u00e9t is, ami a tulajdonosok \u00e9s a mindenkori c\u00e9gvezet\u0151k sz\u00e1m\u00e1ra egyar\u00e1nt garanci\u00e1t jelent n\u00e9met c\u00e9g\u00fck, mind ad\u00f3z\u00e1si, mind igazgat\u00e1si szempontb\u00f3l val\u00f3 jogszer\u0171 m\u0171k\u00f6d\u00e9s\u00e9re.<o:p><\/o:p><\/p>\n<p>N\u00e9metorsz\u00e1gban \u00e9s Ausztri\u00e1ban m\u00fck\u00f6d\u0151 c\u00e9geket Soka-Bau \u00e9s Buak tan\u00e1csad\u00e1ssal is t\u00e1mogatjuk. E szakter\u00fclet komplexit\u00e1sa k\u00fcl\u00f6nleges szakmai min\u0151s\u00edt\u00e9st ig\u00e9nyel, melynek az ad\u00f3jogi szakjog\u00e1szi c\u00edm megszerz\u00e9s\u00e9vel tesz\u00fcnk eleget. Az ad\u00f3jogi szakjog\u00e1szi c\u00edmet a helyileg illet\u00e9kes n\u00e9met \u00fcgyv\u00e9di kamara az el\u0151\u00edrt speci\u00e1lis elm\u00e9leti \u00e9s gyakorlati szakismeretek igazol\u00e1sa ut\u00e1n adom\u00e1nyozza oda.<o:p><\/o:p><\/p>\n<p align=\"center\" style=\"text-align: center;\">Legf\u0151bb c\u00e9lunk, hogy z\u00f6kken\u0151mentesen tudja c\u00e9ge megvetni l\u00e1b\u00e1t k\u00fclf\u00f6ld\u00f6n is.<br \/>\nKeressen meg minket b\u00e1tran, \u00e9s mi t\u00e1mogatjuk \u00d6nt saj\u00e1t c\u00e9ljainak megval\u00f3s\u00edt\u00e1s\u00e1ban<o:p><\/o:p><\/p>\n<p align=\"center\"><a href=\"https:\/\/finde.hu\/?post_type=product\">Vissza a szakma keres\u0151re<\/a><\/p>\n","protected":false},"excerpt":{"rendered":"<p><strong>K\u00f6nyvel\u00e9s, k\u00f6nyvvitel, k\u00f6nyvviteli szolg\u00e1ltat\u00e1sok<\/strong><\/p>\n<p>7633 P\u00e9cs, Eszterg\u00e1l Lajos u. 19.<\/p>\n<p>\u00dcgyf\u00e9lfogad\u00e1si id\u0151\/nyitva tart\u00e1s:<\/p>\n<p>Telefon:+36 72 535-275<\/p>\n<p><a href=\"mailto:info@gpteam.hu\">e-mail: info@gpteam.hu<\/a><\/p>\n<p><a href=\"http:\/\/www.gpteam.hu\" target=\"_blank\" rel=\"noopener noreferrer\">Web<\/a><\/p>\n<p>webshop:<\/p>\n<p><a href=\"https:\/\/www.google.com\/maps\/place\/P%C3%A9cs,+Eszterg%C3%A1r+Lajos+u.+19,+7633\/@46.0633482,18.1894423,17z\/data=!3m1!4b1!4m5!3m4!1s0x4742b1f5c42ec685:0x6571f4a0730af141!8m2!3d46.0633445!4d18.191631?hl=hu\" target=\"_blank\" rel=\"noopener noreferrer\">T\u00e9rk\u00e9p<\/a><\/p>\n<p>N\u00e9vjegy ment\u00e9se telefonra:<\/p>\n<p><img decoding=\"async\" src=\"https:\/\/finde.hu\/wp-content\/uploads\/2018\/07\/globalqr.png\" alt=\"\" width=\"174\" height=\"174\" class=\"alignnone size-full wp-image-1295\" srcset=\"https:\/\/finde.hu\/wp-content\/uploads\/2018\/07\/globalqr.png 174w, https:\/\/finde.hu\/wp-content\/uploads\/2018\/07\/globalqr-150x150.png 150w, https:\/\/finde.hu\/wp-content\/uploads\/2018\/07\/globalqr-160x160.png 160w\" sizes=\"(max-width: 174px) 100vw, 174px\" \/><\/p>\n<p align=\"center\">\n","protected":false},"featured_media":1026,"comment_status":"closed","ping_status":"closed","template":"","meta":[],"product_brand":[],"product_cat":[340],"product_tag":[471,387,386,385],"class_list":{"0":"post-744","1":"product","2":"type-product","3":"status-publish","4":"has-post-thumbnail","6":"product_cat-konyveles-adotanacsadas-szamvitel","7":"product_tag-ado-tanacsadas","8":"product_tag-berszamfejtes","9":"product_tag-kettos-konyvvitel","10":"product_tag-konyveles","12":"first","13":"instock","14":"virtual","15":"product-type-simple"},"_links":{"self":[{"href":"https:\/\/finde.hu\/index.php?rest_route=\/wp\/v2\/product\/744","targetHints":{"allow":["GET"]}}],"collection":[{"href":"https:\/\/finde.hu\/index.php?rest_route=\/wp\/v2\/product"}],"about":[{"href":"https:\/\/finde.hu\/index.php?rest_route=\/wp\/v2\/types\/product"}],"replies":[{"embeddable":true,"href":"https:\/\/finde.hu\/index.php?rest_route=%2Fwp%2Fv2%2Fcomments&post=744"}],"wp:featuredmedia":[{"embeddable":true,"href":"https:\/\/finde.hu\/index.php?rest_route=\/wp\/v2\/media\/1026"}],"wp:attachment":[{"href":"https:\/\/finde.hu\/index.php?rest_route=%2Fwp%2Fv2%2Fmedia&parent=744"}],"wp:term":[{"taxonomy":"product_brand","embeddable":true,"href":"https:\/\/finde.hu\/index.php?rest_route=%2Fwp%2Fv2%2Fproduct_brand&post=744"},{"taxonomy":"product_cat","embeddable":true,"href":"https:\/\/finde.hu\/index.php?rest_route=%2Fwp%2Fv2%2Fproduct_cat&post=744"},{"taxonomy":"product_tag","embeddable":true,"href":"https:\/\/finde.hu\/index.php?rest_route=%2Fwp%2Fv2%2Fproduct_tag&post=744"}],"curies":[{"name":"wp","href":"https:\/\/api.w.org\/{rel}","templated":true}]}}